{"id":10,"date":"2023-07-01T16:36:21","date_gmt":"2023-07-01T14:36:21","guid":{"rendered":"https:\/\/www.socp.info.pl\/projekty\/?page_id=10"},"modified":"2023-07-01T16:37:20","modified_gmt":"2023-07-01T14:37:20","slug":"polityka-prywatnosci","status":"publish","type":"page","link":"https:\/\/www.socp.info.pl\/projekty\/polityka-prywatnosci\/","title":{"rendered":"Polityka Prywatno\u015bci"},"content":{"rendered":"\n<h1 class=\"wp-block-heading\" id=\"page-title\">Klauzula informacyjna RODO<\/h1>\n\n\n\n<p><strong>KLAUZULA INFORMACYJNA RODO<\/strong><br><strong>STOWARZYSZENIA OSTRZESZOWSKIE CENTRUM PRZEDSI\u0118BIORCZO\u015aCI<\/strong><\/p>\n\n\n\n<p>W zwi\u0105zku z rozpocz\u0119ciem stosowania z dniem <strong>25 maja 2018 roku<\/strong> Rozporz\u0105dzenia Parlamentu Europejskiego i Rady (UE) 2016\/679 z dnia 27 kwietnia 2016 r. w sprawie ochrony os\u00f3b fizycznych w zwi\u0105zku z przetwarzaniem danych osobowych i w sprawie swobodnego przep\u0142ywu takich danych i uchylenia dyrektywy 95\/46\/WE, (dalej zwanym \u201e<strong>RODO<\/strong>\u201d), Stowarzyszenie Ostrzeszowskie Centrum Przedsi\u0119biorczo\u015bci z siedzib\u0105 informuje, \u017ce od dnia 25 maja 2018 roku b\u0119d\u0105 Pani\/Panu przys\u0142ugiwa\u0142y okre\u015blone poni\u017cej prawa zwi\u0105zane z przetwarzaniem Pani\/Pana danych osobowych przez Stowarzyszenie Ostrzeszowskie Centrum Przedsi\u0119biorczo\u015bci, zwane dalej SOCP.<br>Jednocze\u015bnie zgodnie z c RODO informujemy, osoby, kt\u00f3rych danymi SOCP dysponuje, \u017ce od dnia 25 maja 2018 roku aktualne b\u0119d\u0105 poni\u017csze informacje i zasady zwi\u0105zane z przetwarzaniem danych osobowych przez SOCP.<\/p>\n\n\n\n<p><strong>ADMINISTRATOR DANYCH<\/strong><br>Administratorem danych jest Stowarzyszenie Ostrzeszowskie Centrum Przedsi\u0119biorczo\u015bci z siedzib\u0105 przy ul. Przemys\u0142owej 27, 63-500 Ostrzesz\u00f3w, wpisane do Rejestru Stowarzysze\u0144 oraz Rejestru Przedsi\u0119biorc\u00f3w Krajowego Rejestru S\u0105dowego prowadzonego przez S\u0105d Rejonowy Pozna\u0144 \u2013 Nowe Miasto i Wilda w Poznaniu, IX Wydzia\u0142 Gospodarczy Krajowego Rejestru Sadowego, pod numerem KRS 0000006837, NIP 6221003916, REGON 250458426, zwane dalej SOCP.<\/p>\n\n\n\n<p><strong>INSPEKTOR OCHRONY DANYCH<\/strong><br>SOCP z dniem 25.05.2018 r. wyznaczy\u0142o Inspektora Ochrony Danych, z kt\u00f3rym mo\u017cna si\u0119 skontaktowa\u0107 poprzez kontakt elektroniczny:&nbsp;<a href=\"mailto:sekretariat@socp.info.pl\">sekretariat@socp.info.pl<\/a>&nbsp;lub pisemnie (na adres siedziby SOCP).&nbsp;Z Inspektorem Ochrony Danych mo\u017cna si\u0119 kontaktowa\u0107 we wszystkich sprawach dotycz\u0105cych przetwarzania danych osobowych oraz korzystania z praw zwi\u0105zanych z przetwarzaniem danych.<\/p>\n\n\n\n<p><strong>CELE ORAZ PODSTAWA PRAWNA PRZETWARZANIA DANYCH OSOBOWYCH<\/strong><br>Przetwarzanie danych osobowych jest niezb\u0119dne w celu realizacji us\u0142ug SOCP oraz zawarcia i wykonania um\u00f3w. Przetwarzanie danych osobowych odbywa\u0107 si\u0119 b\u0119dzie w celu:<\/p>\n\n\n\n<ul class=\"wp-block-list\">\n<li>zawarcia i wykonywania um\u00f3w na podstawie art. 6 ust. 1 lit b RODO, a w zakresie w jakim podanie danych jest fakultatywne \u2013 na podstawie wyra\u017conej przez Pani\u0105\/Pana zgody (art. 6 ust. 1 lit. a RODO),<\/li>\n\n\n\n<li>wype\u0142nienia obowi\u0105zk\u00f3w prawnych ci\u0105\u017c\u0105cych na SOCP (art. 6 ust. 1 lit. c RODO) i wynikaj\u0105cych z zawartych przez SOCP um\u00f3w z instytucjami publicznymi i finansowymi w zwi\u0105zku z prowadzeniem dzia\u0142alno\u015bci w zakresie oferowania ma\u0142ym i \u015brednim przedsi\u0119biorcom wsparcia finansowego oraz realizacji zawartych z nimi um\u00f3w, z tym zastrze\u017ceniem, \u017ce zgodnie z zapisami um\u00f3w instytucje te staj\u0105 si\u0119 administratorem tych danych osobowych w zakresie prowadzonej przez siebie dzia\u0142alno\u015bci,<\/li>\n\n\n\n<li>realizacji przez SOCP czynno\u015bci wynikaj\u0105cych z powszechnie obowi\u0105zuj\u0105cych przepis\u00f3w prawa, w tym: wystawiania, przechowania faktur oraz dokument\u00f3w ksi\u0119gowych \u2013 podstaw\u0105 prawn\u0105 przetwarzania danych w tym zakresie jest art. 6 ust. 1 lit. c i lit. e RODO,<\/li>\n\n\n\n<li>podatkowych \u2013 podstaw\u0105 prawn\u0105 przetwarzania danych osobowych w tym zakresie jest art. 6 ust. 1 lit. f RODO,<\/li>\n\n\n\n<li>realizacji prawnie uzasadnionego interesu SOCP polegaj\u0105cego na ewentualnym ustaleniu lub dochodzeniu roszcze\u0144 lub obronie przed roszczeniami \u2013 podstaw\u0105 prawn\u0105 przetwarzania jest prawnie uzasadniony interes SOCP (art. 6 ust. 1 lit f RODO),<\/li>\n\n\n\n<li>analitycznych i statystycznych \u2013 podstaw\u0105 prawn\u0105 przetwarzania jest prawnie uzasadniony interes SOCP (art. 6 ust. 1 lit f RODO), uzasadnionym interesem SOCP jest prowadzenie analizy wynik\u00f3w prowadzonej dzia\u0142alno\u015bci gospodarczej,<\/li>\n\n\n\n<li>kierowania do Pani\/Pana przez SOCP tre\u015bci marketingowych; podstaw\u0105 prawn\u0105 przetwarzania jest uzasadniony interes SOCP (art. 6 ust. 1 lit f RODO), uzasadniony interes SOCP polega na kierowaniu do Pani\/Pana tre\u015bci marketingowych drog\u0105 pocztow\u0105 w trakcie wykonywania umowy, a tak\u017ce drog\u0105 telefoniczn\u0105, e-mailow\u0105 lub SMS\/MMS-ow\u0105.<\/li>\n<\/ul>\n\n\n\n<p><strong>KATEGORIE DANYCH OSOBOWYCH PRZETWARZANYCH PRZEZ SOCP<\/strong><\/p>\n\n\n\n<ol class=\"wp-block-list\">\n<li><strong>W przypadku os\u00f3b fizycznych, os\u00f3b fizycznych prowadz\u0105cych dzia\u0142alno\u015b\u0107 gospodarcz\u0105, wsp\u00f3lnik\u00f3w sp\u00f3\u0142ki cywilnej, wsp\u00f3lnik\u00f3w sp\u00f3\u0142ek prawa handlowego oraz reprezentant\u00f3w tych podmiot\u00f3w, jak r\u00f3wnie\u017c w przypadku pracownik\u00f3w lub wsp\u00f3\u0142pracownik\u00f3w, por\u0119czycieli, d\u0142u\u017cnik\u00f3w i innych os\u00f3b wskazanych do realizacji um\u00f3w, w kt\u00f3rych SOCP jest stron\u0105 w zale\u017cno\u015bci od zakresu umowy lub \u015bwiadczonych us\u0142ug przez SOCP<\/strong>: imiona i nazwiska, imiona rodzic\u00f3w, miejsce i dat\u0119 urodzenia, obywatelstwo, nazwisko panie\u0144skie matki, adres zamieszkania, adres korespondencyjny, PESEL, NIP, seri\u0119 i numer dokumentu potwierdzaj\u0105cego to\u017csamo\u015b\u0107, dat\u0119 jego wydania oraz dat\u0119 wa\u017cno\u015bci dokumentu, podmiot wydaj\u0105cy dokument, numer telefonu kom\u00f3rkowego, adres poczty elektronicznej, miejsce pracy, stanowisko i inne dane niezb\u0119dne do realizacji umowy lub \u015bwiadczenia us\u0142ug.<\/li>\n\n\n\n<li><strong>W przypadku os\u00f3b wskazanych jedynie do kontaktu<\/strong>: imiona i nazwiska, adres korespondencyjny, adres poczty elektronicznej, numer telefonu w tym telefonu kom\u00f3rkowego.<\/li>\n\n\n\n<li><strong>W przypadku \u015bwiadczenia us\u0142ug finansowych \u2013 udzielanie po\u017cyczek<\/strong> dane z punku 1 i 2 oraz:dane dotycz\u0105ce sytuacji zawodowej i zatrudnienia, prowadzenia dzia\u0142alno\u015bci gospodarczej, dane s\u0142u\u017c\u0105ce do badania zdolno\u015bci do sp\u0142aty zobowi\u0105za\u0144 i analizy ryzyka, dochody, dane do zabezpieczenia po\u017cyczki, zobowi\u0105zania, dane dotycz\u0105ce edukacji i szkolenia.<\/li>\n<\/ol>\n\n\n\n<p><strong>OKRES PRZETWARZANIA DANYCH OSOBOWYCH<\/strong><br>SOCP b\u0119dzie przetwarza\u0142o dane osobowe:<\/p>\n\n\n\n<ul class=\"wp-block-list\">\n<li>w zakresie zawartych um\u00f3w i w celu jej realizacji&nbsp;\u2013 przez czas obowi\u0105zywania umowy zawartej z SOCP, a nast\u0119pnie przez okres oraz w zakresie wymaganym przez przepisy prawa, jak r\u00f3wnie\u017c przez okres niezb\u0119dny do ustalenia i dochodzenia w\u0142asnych roszcze\u0144 lub obrony przed zg\u0142oszonymi roszczeniami,<\/li>\n\n\n\n<li>w zakresie wype\u0142niania obowi\u0105zk\u00f3w prawnych ci\u0105\u017c\u0105cych na SOCP w zwi\u0105zku z prowadzeniem dzia\u0142alno\u015bci w przedmiocie oferowania mikro, ma\u0142ym i \u015brednim przedsi\u0119biorcom us\u0142ugi finansowej oraz realizacji zawartych z przedsi\u0119biorcami um\u00f3w po\u017cyczek \u2013 przez okres do czasu wype\u0142nienia tych obowi\u0105zk\u00f3w przez SOCP, w przedmiocie wykonywania us\u0142ug szkoleniowych przez okres 5 lat.<\/li>\n\n\n\n<li>w zakresie wykonywania us\u0142ug rachunkowych wersja papierowa do ko\u0144ca maja roku nast\u0119pnego lub w ci\u0105gu 30 dni po ustaniu umowy o us\u0142ugi rachunkowe. Wersja elektroniczna 1 rok po ustaniu umowy o us\u0142ugi rachunkowe.<\/li>\n\n\n\n<li>w zakresie ustalenia i dochodzenia w\u0142asnych roszcze\u0144 lub obrony przed zg\u0142oszonymi roszczeniami \u2013 do momentu przedawnienia potencjalnych roszcze\u0144 wynikaj\u0105cych z umowy lub&nbsp;z innego tytu\u0142u (nie kr\u00f3cej jednak ni\u017c przez okres 10 lat).<\/li>\n\n\n\n<li>w zakresie promocji i marketingu dzia\u0142alno\u015bci prowadzonej przez SOCP \u2013 do momentu wycofania zgody.<\/li>\n<\/ul>\n\n\n\n<p><strong>ODBIORCY DANYCH OSOBOWYCH<\/strong><br>Dane przetwarzane przez SOCP mog\u0105 by\u0107 udost\u0119pniane nast\u0119puj\u0105cym odbiorcom w celu wykonywania um\u00f3w lub wykonywania ci\u0105\u017c\u0105cego na SOCP obowi\u0105zku prawnego:<\/p>\n\n\n\n<ul class=\"wp-block-list\">\n<li>podmiotom i organom, kt\u00f3rym SOCP jest zobowi\u0105zany lub upowa\u017cniony udost\u0119pni\u0107 dane osobowe na podstawie powszechnie obowi\u0105zuj\u0105cych przepis\u00f3w prawa, w tym podmiotom lub organom uprawnionym do otrzymania od SOCP danych osobowych lub uprawnionych do \u017c\u0105dania dost\u0119pu do danych osobowych na podstawie powszechnie obowi\u0105zuj\u0105cych przepis\u00f3w prawa,<\/li>\n\n\n\n<li>Banku Gospodarstwa Krajowego S.A. w Warszawie, Wielkopolskiemu Funduszu Rozwoju Sp. z o. o. z siedzib\u0105 w Poznaniu, Urz\u0119du Marsza\u0142kowskiemu Wojew\u00f3dztwa Wielkopolskiego, Zarz\u0105du Wojew\u00f3dztwa Wielkopolskiego, Komisji Europejskiej oraz organom administracji publicznej, lub innym uprawnionym lub wskazane przez powy\u017csze instytucje podmiotom,<\/li>\n\n\n\n<li>Biura Informacji Gospodarczej InfoMonitor S.A. z siedzib\u0105 w Warszawie, dzia\u0142aj\u0105ce na podstawie przepis\u00f3w ustawy&nbsp;o udost\u0119pnianiu informacji gospodarczych i wymianie danych gospodarczych,<\/li>\n\n\n\n<li>podmiotom przetwarzaj\u0105cym dane osobowe osoby, kt\u00f3rej dane dotycz\u0105 w imieniu SOCP na podstawie zawartej z SOCP umowy powierzenia przetwarzania danych osobowych, w tym w szczeg\u00f3lno\u015bci podmiotom \u015bwiadcz\u0105cym na rzecz SOCP us\u0142ugi informatyczne, us\u0142ugi prawne, audytorskie, konsultingowe, ksi\u0119gowo\u2013podatkowe, windykacji nale\u017cno\u015bci, podmiotom wsp\u00f3\u0142pracuj\u0105cym z SOCP, w zwi\u0105zku z us\u0142ugami i produktami oferowanymi przez te podmioty.<\/li>\n\n\n\n<li>podmiotom prowadz\u0105cym dzia\u0142alno\u015b\u0107 pocztow\u0105 lub kuriersk\u0105.<\/li>\n<\/ul>\n\n\n\n<p>W przypadku realizacji us\u0142ug finansowych \u2013 udzielanie po\u017cyczek, w tym projekt\u00f3w unijnych np. JEREMIE, gdzie SOCP wyst\u0119puje jako podmiot przetwarzaj\u0105cy Pani\/Pana dane osobowe, w tym dane wra\u017cliwe, administratorem danych s\u0105 podmioty zewn\u0119trzne, mi\u0119dzy innymi Bank Gospodarstwa Krajowego czy Zarz\u0105d Wojew\u00f3dztwa Wielkopolskiego.<\/p>\n\n\n\n<p><strong>ZAUTOMATYZOWANE PODEJMOWANIE DECYZJI, W TYM PROFILOWANIE<\/strong><br>Dane osobowe nie b\u0119d\u0105 przetwarzane przez SOCP w spos\u00f3b zautomatyzowany, w tym nie b\u0119d\u0105 profilowane.<\/p>\n\n\n\n<p><strong>PRAWA OSOBY, KT\u00d3REJ DANE DOTYCZ\u0104<\/strong><br>Przys\u0142uguje Pani\/Panu prawo dost\u0119pu do Pani\/Pana danych osobowych, prawo \u017c\u0105dania ich sprostowania, usuni\u0119cia, ograniczenia przetwarzania na warunkach wynikaj\u0105cych z RODO.<\/p>\n\n\n\n<p>W zakresie w jakim podstaw\u0105 przetwarzania Pani\/Pana danych osobowych jest przes\u0142anka prawnie uzasadnionego interesu SOCP, przys\u0142uguje Pani\/Panu prawo wniesienia sprzeciwu wobec przetwarzania Pani\/Pana danych osobowych.<\/p>\n\n\n\n<p>W zakresie, w jakim podstaw\u0105 przetwarzania Pani\/Pana danych osobowych jest zgoda, ma Pani\/Pan prawo wycofania zgody. Wycofanie zgody nie ma wp\u0142ywu na zgodno\u015b\u0107 przetwarzania, kt\u00f3rego dokonano na podstawie zgody przed jej wycofaniem.<\/p>\n\n\n\n<p>W zakresie, w jakim Pani\/Pana dane osobowe s\u0105 przetwarzane w celu zawarcia&nbsp;i wykonania umowy, \u015bwiadczenia us\u0142ug przez SOCP lub przetwarzane na podstawie zgody \u2013 przys\u0142uguje Pani\/Panu tak\u017ce prawo do przenoszenia danych osobowych.<\/p>\n\n\n\n<p>W zakresie w jakim Pani\/Pana dane osobowe s\u0105 przetwarzane w celu promocji&nbsp;i marketingu dzia\u0142alno\u015bci prowadzonej przez SOCP \u2013 przys\u0142uguje Pani\/Panu prawo do wniesienia w dowolnym momencie sprzeciwu wobec przetwarzania Pani\/Pana danych na potrzeby promocji i marketingu dzia\u0142alno\u015bci prowadzonej przez SOCP, w zakresie w jakim przetwarzanie jest zwi\u0105zane z promocj\u0105 i marketingiem dzia\u0142alno\u015bci prowadzonej przez SOCP.<\/p>\n\n\n\n<p>Przys\u0142uguje Pani\/Panu r\u00f3wnie\u017c prawo do wniesienia skargi do organu nadzoruj\u0105cego przestrzeganie Rozporz\u0105dzenia Prezesa Urz\u0119du Ochrony Danych Osobowych w sytuacji, gdy istnieje podejrzenie, \u017ce przetwarzanie Pani\/Pana danych osobowych narusza przepisy o ochronie danych osobowych.<\/p>\n\n\n\n<p><strong>PRZEKAZANIE DANYCH OSOBOWYCH DO PA\u0143STWA TRZECIEGO<\/strong><br>Podanie przez Pani\u0105\/Pana dane osobowe nie s\u0105 przekazywane poza obszar Unii Europejskiej b\u0105d\u017a Europejski Obszar Gospodarczy.<\/p>\n\n\n\n<p><strong>OBOWI\u0104ZEK PODANIA DANYCH OSOBOWYCH<\/strong><br>Podanie danych osobowych jest wymagane przez SOCP w celu zawarcia i wykonania umowy lub us\u0142ugi, z wyj\u0105tkiem podania danych osobowych dobrowolnie. Konsekwencj\u0105 niepodania danych osobowych wymaganych przez SOCP jest brak mo\u017cliwo\u015bci zawarcia i wykonania umowy lub us\u0142ugi.<\/p>\n\n\n\n<p><em>SOCP dok\u0142ada wszelkich stara\u0144, aby zapewni\u0107 wszelkie \u015brodki fizycznej, technicznej i organizacyjnej ochrony danych przed ich przypadkowym czy umy\u015blnym zniszczeniem, przypadkow\u0105 utrat\u0105, zmian\u0105, nieuprawnionym ujawnieniem, wykorzystaniem czy udost\u0119pnieniem, zgodnie z przepisami prawa.<\/em><\/p>\n","protected":false},"excerpt":{"rendered":"<p>Klauzula informacyjna RODO KLAUZULA INFORMACYJNA RODOSTOWARZYSZENIA OSTRZESZOWSKIE CENTRUM PRZEDSI\u0118BIORCZO\u015aCI W zwi\u0105zku z rozpocz\u0119ciem stosowania z dniem 25 maja 2018 roku Rozporz\u0105dzenia Parlamentu Europejskiego i Rady (UE) 2016\/679 z dnia 27 kwietnia 2016 r. w sprawie ochrony os\u00f3b fizycznych w zwi\u0105zku z przetwarzaniem danych osobowych i w sprawie swobodnego przep\u0142ywu takich danych i uchylenia dyrektywy 95\/46\/WE, [&hellip;]<\/p>\n","protected":false},"author":1,"featured_media":0,"parent":0,"menu_order":0,"comment_status":"closed","ping_status":"closed","template":"","meta":{"site-sidebar-layout":"default","site-content-layout":"","ast-site-content-layout":"","site-content-style":"default","site-sidebar-style":"default","ast-global-header-display":"","ast-banner-title-visibility":"","ast-main-header-display":"","ast-hfb-above-header-display":"","ast-hfb-below-header-display":"","ast-hfb-mobile-header-display":"","site-post-title":"","ast-breadcrumbs-content":"","ast-featured-img":"","footer-sml-layout":"","theme-transparent-header-meta":"","adv-header-id-meta":"","stick-header-meta":"","header-above-stick-meta":"","header-main-stick-meta":"","header-below-stick-meta":"","astra-migrate-meta-layouts":"default","ast-page-background-enabled":"default","ast-page-background-meta":{"desktop":{"background-color":"var(--ast-global-color-4)","background-image":"","background-repeat":"repeat","background-position":"center center","background-size":"auto","background-attachment":"scroll","background-type":"","background-media":"","overlay-type":"","overlay-color":"","overlay-opacity":"","overlay-gradient":""},"tablet":{"background-color":"","background-image":"","background-repeat":"repeat","background-position":"center center","background-size":"auto","background-attachment":"scroll","background-type":"","background-media":"","overlay-type":"","overlay-color":"","overlay-opacity":"","overlay-gradient":""},"mobile":{"background-color":"","background-image":"","background-repeat":"repeat","background-position":"center center","background-size":"auto","background-attachment":"scroll","background-type":"","background-media":"","overlay-type":"","overlay-color":"","overlay-opacity":"","overlay-gradient":""}},"ast-content-background-meta":{"desktop":{"background-color":"var(--ast-global-color-5)","background-image":"","background-repeat":"repeat","background-position":"center center","background-size":"auto","background-attachment":"scroll","background-type":"","background-media":"","overlay-type":"","overlay-color":"","overlay-opacity":"","overlay-gradient":""},"tablet":{"background-color":"var(--ast-global-color-5)","background-image":"","background-repeat":"repeat","background-position":"center center","background-size":"auto","background-attachment":"scroll","background-type":"","background-media":"","overlay-type":"","overlay-color":"","overlay-opacity":"","overlay-gradient":""},"mobile":{"background-color":"var(--ast-global-color-5)","background-image":"","background-repeat":"repeat","background-position":"center center","background-size":"auto","background-attachment":"scroll","background-type":"","background-media":"","overlay-type":"","overlay-color":"","overlay-opacity":"","overlay-gradient":""}},"footnotes":""},"class_list":["post-10","page","type-page","status-publish","hentry"],"_links":{"self":[{"href":"https:\/\/www.socp.info.pl\/projekty\/wp-json\/wp\/v2\/pages\/10","targetHints":{"allow":["GET"]}}],"collection":[{"href":"https:\/\/www.socp.info.pl\/projekty\/wp-json\/wp\/v2\/pages"}],"about":[{"href":"https:\/\/www.socp.info.pl\/projekty\/wp-json\/wp\/v2\/types\/page"}],"author":[{"embeddable":true,"href":"https:\/\/www.socp.info.pl\/projekty\/wp-json\/wp\/v2\/users\/1"}],"replies":[{"embeddable":true,"href":"https:\/\/www.socp.info.pl\/projekty\/wp-json\/wp\/v2\/comments?post=10"}],"version-history":[{"count":2,"href":"https:\/\/www.socp.info.pl\/projekty\/wp-json\/wp\/v2\/pages\/10\/revisions"}],"predecessor-version":[{"id":12,"href":"https:\/\/www.socp.info.pl\/projekty\/wp-json\/wp\/v2\/pages\/10\/revisions\/12"}],"wp:attachment":[{"href":"https:\/\/www.socp.info.pl\/projekty\/wp-json\/wp\/v2\/media?parent=10"}],"curies":[{"name":"wp","href":"https:\/\/api.w.org\/{rel}","templated":true}]}}